{"id":5885,"date":"2017-05-30T02:15:00","date_gmt":"2017-05-30T02:15:00","guid":{"rendered":"http:\/\/www.gruppostamplast.it\/news\/"},"modified":"2018-04-09T10:26:38","modified_gmt":"2018-04-09T08:26:38","slug":"news","status":"publish","type":"page","link":"https:\/\/www.gruppostamplast.it\/en\/news\/","title":{"rendered":"News"},"content":{"rendered":"<div class=\"row-wrapper\"><div id=\"element_1177630331571\" class=\"el_row row\"><div class=\"inner-row\"><div class=\"container\"><div class=\"row\"><div id=\"element_2\" class=\"el_column col-md-12\"><div class=\"inner-column\"><div id=\"element_3\" class=\"soul_post_grid style-2 col-3 content-align- clearfix\"><div class=\"post-grid-content\"><div class=\"post-feed\">\n<div class=\"post-feed-image clearfix\">\n  <div class=\"img-layer\"><a href=\"https:\/\/www.gruppostamplast.it\/en\/news\/gruppo-stamplast-entra-in-gioco-nel-campionato-di-serie-a-2018-2019\/\" title=\"Gruppo Stamplast entra in gioco nel Campionato di Serie A 2018-2019\">Gruppo Stamplast entra in gioco nel Campionato di Serie A 2018-2019<\/a><\/div>\n  <img src=\"https:\/\/www.gruppostamplast.it\/wp-content\/uploads\/2018\/11\/news_seriea_bordocampo-300x167.jpg\"  alt=\"\"\/>\n<\/div>\n<div class=\"post-info\">\n  <ul class=\"feed-meta\">\n    <li>13 December 2018<\/li>\n  <li><ul class=\"feed-categories\"><li><a href=\"https:\/\/www.gruppostamplast.it\/en\/category\/news\/\" rel=\"category tag\">News<\/a><\/li><\/ul><\/li>\n\n    <li><\/li>\n  <\/ul>\n  <h3 class=\"post-feed-title\">\n    <a href=\"https:\/\/www.gruppostamplast.it\/en\/news\/gruppo-stamplast-entra-in-gioco-nel-campionato-di-serie-a-2018-2019\/\" title=\"Gruppo Stamplast entra in gioco nel Campionato di Serie A 2018-2019\">Gruppo Stamplast entra in gioco nel Campionato di Serie A 2018-2019<\/a>\n  <\/h3>\n  <div class=\"short-content\">\n      <\/div>\n<\/div>\n<\/div><div class=\"post-feed\">\n<div class=\"post-feed-image clearfix\">\n  <div class=\"img-layer\"><a href=\"https:\/\/www.gruppostamplast.it\/en\/news\/gruppo-stamplast-al-thebig5-2017\/\" title=\"Gruppo Stamplast al TheBig5 2017\">Gruppo Stamplast al TheBig5 2017<\/a><\/div>\n  <img src=\"https:\/\/www.gruppostamplast.it\/wp-content\/uploads\/2017\/05\/news_dubai2017-300x167.jpg\"  alt=\"\"\/>\n<\/div>\n<div class=\"post-info\">\n  <ul class=\"feed-meta\">\n    <li>25 October 2017<\/li>\n  <li><ul class=\"feed-categories\"><li><a href=\"https:\/\/www.gruppostamplast.it\/en\/category\/news\/\" rel=\"category tag\">News<\/a><\/li><\/ul><\/li>\n\n    <li><\/li>\n  <\/ul>\n  <h3 class=\"post-feed-title\">\n    <a href=\"https:\/\/www.gruppostamplast.it\/en\/news\/gruppo-stamplast-al-thebig5-2017\/\" title=\"Gruppo Stamplast al TheBig5 2017\">Gruppo Stamplast al TheBig5 2017<\/a>\n  <\/h3>\n  <div class=\"short-content\">\n    Gruppo Stamplast anche quest&#8217;anno rinnova l\u2019invito alla partecipazione dell&#8217;evento THE BIG 5 2017, che si terr\u00e0 al Dubai World Trade Center dal 26 al 29 Novembre 2017. Questa importante manifestazione, \u00e8 da sempre un riferimento per il settore edilizio negli  <\/div>\n<\/div>\n<\/div><div class=\"post-feed\">\n<div class=\"post-feed-image clearfix\">\n  <div class=\"img-layer\"><a href=\"https:\/\/www.gruppostamplast.it\/en\/news\/gruppo-stamplast-al-batimat-2017\/\" title=\"Gruppo Stamplast al Batimat 2017\">Gruppo Stamplast al Batimat 2017<\/a><\/div>\n  <img src=\"https:\/\/www.gruppostamplast.it\/wp-content\/uploads\/2017\/05\/news_batimat2017-300x167.jpg\"  alt=\"\"\/>\n<\/div>\n<div class=\"post-info\">\n  <ul class=\"feed-meta\">\n    <li>15 October 2017<\/li>\n  <li><ul class=\"feed-categories\"><li><a href=\"https:\/\/www.gruppostamplast.it\/en\/category\/news\/\" rel=\"category tag\">News<\/a><\/li><\/ul><\/li>\n\n    <li><\/li>\n  <\/ul>\n  <h3 class=\"post-feed-title\">\n    <a href=\"https:\/\/www.gruppostamplast.it\/en\/news\/gruppo-stamplast-al-batimat-2017\/\" title=\"Gruppo Stamplast al Batimat 2017\">Gruppo Stamplast al Batimat 2017<\/a>\n  <\/h3>\n  <div class=\"short-content\">\n    Gruppo Stamplast,come negli anni passati, sar\u00e0 presente all&#8217;evento BATIMAT 2017 che si terr\u00e0 dal 06 al 10 Novembre 2017 a Parigi Parc Des Expositions. Per scoprire le ultime novit\u00e0 sul nostro catalogo vi invitiamo a visitare il nostro stand F167  <\/div>\n<\/div>\n<\/div><div class=\"post-feed\">\n<div class=\"post-feed-image clearfix\">\n  <div class=\"img-layer\"><a href=\"https:\/\/www.gruppostamplast.it\/en\/news\/nuova-linea-di-canaletta-per-doccia\/\" title=\"Nuova linea di Canaletta per doccia\">Nuova linea di Canaletta per doccia<\/a><\/div>\n  <img src=\"https:\/\/www.gruppostamplast.it\/wp-content\/uploads\/2017\/05\/news_sistemi_di_scarico_doccia-300x167.jpg\"  alt=\"\"\/>\n<\/div>\n<div class=\"post-info\">\n  <ul class=\"feed-meta\">\n    <li>10 September 2017<\/li>\n  <li><ul class=\"feed-categories\"><li><a href=\"https:\/\/www.gruppostamplast.it\/en\/category\/news\/\" rel=\"category tag\">News<\/a><\/li><\/ul><\/li>\n\n    <li><\/li>\n  <\/ul>\n  <h3 class=\"post-feed-title\">\n    <a href=\"https:\/\/www.gruppostamplast.it\/en\/news\/nuova-linea-di-canaletta-per-doccia\/\" title=\"Nuova linea di Canaletta per doccia\">Nuova linea di Canaletta per doccia<\/a>\n  <\/h3>\n  <div class=\"short-content\">\n    La nuova linea di sistemi di scarico per doccia comprende tre tipologie di canalette e un chiusino. \u00c8 la soluzione ideale per lo scarico dell\u2019acqua da piatti doccia in muratura. Le canalette sono disponibili in sei misure e tre differenti  <\/div>\n<\/div>\n<\/div><div class=\"post-feed\">\n<div class=\"post-feed-image clearfix\">\n  <div class=\"img-layer\"><a href=\"https:\/\/www.gruppostamplast.it\/en\/news\/nuovi-sistemi-gronda\/\" title=\"Nuovi sistemi gronda\">Nuovi sistemi gronda<\/a><\/div>\n  <img src=\"https:\/\/www.gruppostamplast.it\/wp-content\/uploads\/2017\/06\/news_sistemi_gronda_pvc-300x167.jpg\"  alt=\"\"\/>\n<\/div>\n<div class=\"post-info\">\n  <ul class=\"feed-meta\">\n    <li>20 June 2017<\/li>\n  <li><ul class=\"feed-categories\"><li><a href=\"https:\/\/www.gruppostamplast.it\/en\/category\/news\/\" rel=\"category tag\">News<\/a><\/li><\/ul><\/li>\n\n    <li><\/li>\n  <\/ul>\n  <h3 class=\"post-feed-title\">\n    <a href=\"https:\/\/www.gruppostamplast.it\/en\/news\/nuovi-sistemi-gronda\/\" title=\"Nuovi sistemi gronda\">Nuovi sistemi gronda<\/a>\n  <\/h3>\n  <div class=\"short-content\">\n    I nuovi sistemi gronda sono progettati per il drenaggio del tetto di edifici residenziali di piccole e medie dimensioni e di piccole strutture industriali. Tutte le connessioni sono dotate di guarnizioni a tre fasce che garantiscono un\u2019ottima tenuta all\u2019acqua e  <\/div>\n<\/div>\n<\/div><\/div><\/div><\/div><\/div><\/div><\/div><\/div><\/div><\/div>\n","protected":false},"excerpt":{"rendered":"","protected":false},"author":1,"featured_media":0,"parent":0,"menu_order":17,"comment_status":"closed","ping_status":"closed","template":"","meta":[],"acf":[],"_links":{"self":[{"href":"https:\/\/www.gruppostamplast.it\/en\/wp-json\/wp\/v2\/pages\/5885"}],"collection":[{"href":"https:\/\/www.gruppostamplast.it\/en\/wp-json\/wp\/v2\/pages"}],"about":[{"href":"https:\/\/www.gruppostamplast.it\/en\/wp-json\/wp\/v2\/types\/page"}],"author":[{"embeddable":true,"href":"https:\/\/www.gruppostamplast.it\/en\/wp-json\/wp\/v2\/users\/1"}],"replies":[{"embeddable":true,"href":"https:\/\/www.gruppostamplast.it\/en\/wp-json\/wp\/v2\/comments?post=5885"}],"version-history":[{"count":0,"href":"https:\/\/www.gruppostamplast.it\/en\/wp-json\/wp\/v2\/pages\/5885\/revisions"}],"wp:attachment":[{"href":"https:\/\/www.gruppostamplast.it\/en\/wp-json\/wp\/v2\/media?parent=5885"}],"curies":[{"name":"wp","href":"https:\/\/api.w.org\/{rel}","templated":true}]}}