{"id":5968,"date":"2017-07-18T13:07:41","date_gmt":"2017-07-18T11:07:41","guid":{"rendered":"http:\/\/www.gruppostamplast.it\/sistema-di-produzione\/"},"modified":"2020-02-17T17:56:53","modified_gmt":"2020-02-17T16:56:53","slug":"sistema-de-produccion","status":"publish","type":"page","link":"https:\/\/www.gruppostamplast.it\/es\/sistema-de-produccion\/","title":{"rendered":"Producci\u00f3n"},"content":{"rendered":"<div class=\"row-wrapper\"><div class=\"container\"><div id=\"element_1177681006487\" class=\"el_row column_equal_height row\"><div class=\"inner-row\"><div id=\"element_2\" class=\"el_column col-md-6\"><div class=\"inner-column\"><div id=\"element-3\" class=\"section-head left  size-custom\"><div><h2 style=\"color:#005a82;font-weight:800;font-size:48px\" class=\"section-main-title\">La producci\u00f3n en Italia para ser competitivos en el mundo<\/h2><\/div><\/div><div class=\"responsive_tab\"><ul id=\"tabid_4\" class=\"nav nav-tabs responsive\"><li class=\"active\">\n                        <a href=\"#tabid_4_0\"><i class=\"fa fa-angle-right\"><\/i>MIL VIDAS EN UN SOLO PRODUCTO<\/a>\n                  <\/li>\n<li>\n                        <a href=\"#tabid_4_1\"><i class=\"fa fa-angle-right\"><\/i>BAJAR EL COSTO DE PRODUCCI\u00d3N<\/a>\n                  <\/li>\n<li>\n                        <a href=\"#tabid_4_2\"><i class=\"fa fa-angle-right\"><\/i>USTED NECESITA PARA FERIAS PROTOTIPO?<\/a>\n                  <\/li>\n          <\/ul>\n<div class=\"tab-content responsive\">\n                    <div id=\"tabid_4_0\" class=\"tab-pane in active\"><div id=\"element_5177681006447\" class=\"el_text\">\n<p><strong>Con nuestra experiencia comprobada podemos hacer mucho para dar valor a cualquier producto que producimos.<\/strong><\/p>\n<p>Al cambiar la composici\u00f3n de los materiales, mediante la aplicaci\u00f3n de acabados adecuados, un producto puede tener m\u00faltiples aspectos, transmitir sensaciones diferentes y, por tanto, sea especialmente adecuado para usos o mercados espec\u00edficos.<\/p>\n<\/div><\/div>\n<div id=\"tabid_4_1\" class=\"tab-pane\"><div id=\"element_6177681006499\" class=\"el_text\">\n<p><strong>Reducir el costo de producci\u00f3n puede ser.<\/strong><\/p>\n<p>A trav\u00e9s de una evaluaci\u00f3n pre-producci\u00f3n, una organizaci\u00f3n espec\u00edfica del trabajo y el aprovechamiento de las propuestas de negocio favorables GRUPPO STAMPLAST SPA relacionados con moldes, puede optimizar los costos para cada tipo de producto final.<\/p>\n<\/div><\/div>\n<div id=\"tabid_4_2\" class=\"tab-pane\"><div id=\"element_7177681006458\" class=\"el_text\">\n<p><strong>Preparaci\u00f3n para el mercado.<\/strong><\/p>\n<p>Sin pruebas de producto que puede necesitar para preparar un prototipo para evaluar la eficacia o la necesidad de producir en peque\u00f1as cantidades para probar la respuesta del mercado. GRUPPO STAMPLAST SPA produce prototipo y proporciona informaci\u00f3n sobre las soluciones, sugiere los materiales y propone posibles mejoras en las caracter\u00edsticas de los envases.<\/p>\n<p>Tambi\u00e9n para la producci\u00f3n en peque\u00f1as cantidades, GRUPPO STAMPLAST SPA sabe para ser competitivos debido a la flexibilidad de su estructura organizativa.<\/p>\n<\/div><\/div><\/div>\n<\/div><script type=\"text\/javascript\">\njQuery(document).ready(function($){\n  $( '#tabid_4 a' ).click( function ( e ) {\n        e.preventDefault();\n        $( this ).tab( 'show' );\n  } );fakewaffle.responsiveTabs( $( '#tabid_4' ),['lg','md','sm','xs'] );});\n<\/script><\/div><\/div><div id=\"element_8\" class=\"el_column self-align_top col-md-6\"><div class=\"inner-column\"><div id=\"element_9177681006431\" class=\"el_text\">\n<div class=\"mapinteractive es no-resp\">\n<div class=\"box1\"><\/div>\n<div class=\"box2\"><\/div>\n<div class=\"box3\"><\/div>\n<div class=\"box4\"><\/div>\n<div class=\"box5\"><\/div>\n<div class=\"box6\"><\/div>\n<div class=\"box7\"><\/div>\n<div class=\"box8\"><\/div>\n<div class=\"box9\"><\/div>\n<\/div>\n<div class=\"cont-w chi-siamo only-resp\"><img alt=\"\" \/><\/div>\n<\/div><\/div><\/div><\/div><\/div><\/div><\/div><div class=\"row-wrapper\"><div id=\"element_10177681006419\" class=\"el_row content-align_center column_equal_height row\"><div class=\"inner-row\"><div class=\"container\"><div class=\"row\"><div id=\"element_11\" class=\"el_column col-md-9\"><div class=\"inner-column\"><div id=\"element_12177681006424\" class=\"el_text\">\n<p style=\"font-size: 28px;\"><strong>m\u00e1s de 22 a\u00f1os<\/strong> de experiencia y profesionalidad<\/p>\n<\/div><\/div><\/div><div id=\"element_13\" class=\"el_column col-md-3\"><div class=\"inner-column\"><div id=\"element_14177681006439\" class=\"el-btn align-right\"><a href=\"\/stamplast\/contatti\" class=\"btn shape-default btn-lg btn-skin-custom-color\" target=\"_self\">Cont\u00e1ctenos<\/a><\/div><\/div><\/div><\/div><\/div><\/div><\/div><\/div><div class=\"row-wrapper\"><div class=\"container\"><div id=\"element_15177681006463\" class=\"el_row column_equal_height row\"><div class=\"inner-row\"><div id=\"element_16\" class=\"el_column col-md-5\"><div class=\"inner-column\"><div id=\"element-17\" class=\"section-head left  size-custom\"><div><h2 style=\"color:#005a82;font-weight:800;font-size:48px\" class=\"section-main-title\">El potencial de pl\u00e1stico<\/h2><\/div><\/div><div id=\"element-18\" class=\"section-head left font-same-body  size-custom\"><div><h2 style=\"font-weight:bold;font-size:16px;letter-spacing:2px\" class=\"section-main-title\">TODAS LAS FORMAS. TODOS LOS COLORES. TODAS LAS CANTIDADES. EN UNA DEFINICI\u00d3N: FLEXIBILIDAD.<\/h2><\/div><\/div><\/div><\/div><div id=\"element_19\" class=\"el_column col-md-7\"><div class=\"inner-column\"><div id=\"element_20\" class=\"module-iconboxes style-2\"><div class=\"iconboxes-wrap\" ><span class=\"box\"><i  style=\"color:#ffffff;;width:40px;;height:40px;;background:#005a82;border-radius: 50%\"class=\"fa-stumbleupon\">&nbsp;<\/i><\/span><div class=\"text-wrap\"><h4 class=\"box-heading\" >Form<\/h4><div class=\"iconboxes-text\">\n<p>El pl\u00e1stico tiene una capacidad excepcional para ser maleable. No hay l\u00edmite a la definici\u00f3n de las formas desde los m\u00e1s simples hasta el dise\u00f1o m\u00e1s sofisticado.<\/p>\n<\/div><\/div><\/div><\/div><div id=\"element_21\" class=\"module-iconboxes style-2\"><div class=\"iconboxes-wrap\" ><span class=\"box\"><i  style=\"color:#ffffff;;width:40px;;height:40px;;background:#005a82;border-radius: 50%\"class=\"fa-paint-brush\">&nbsp;<\/i><\/span><div class=\"text-wrap\"><h4 class=\"box-heading\" >Color<\/h4><div class=\"iconboxes-text\">\n<p>Agentes o pigmentos colorantes puede dar pol\u00edmeros tienen cualquier color que desee.<\/p>\n<\/div><\/div><\/div><\/div><div id=\"element_22\" class=\"module-iconboxes style-2\"><div class=\"iconboxes-wrap\" ><span class=\"box\"><i  style=\"color:#ffffff;;width:40px;;height:40px;;background:#005a82;border-radius: 50%\"class=\"fa-search\">&nbsp;<\/i><\/span><div class=\"text-wrap\"><h4 class=\"box-heading\" >Propiedades<\/h4><div class=\"iconboxes-text\">\n<p>Las propiedades pueden variar dependiendo de los aditivos a\u00f1adidos en la etapa de toma de procesamiento a asumir caracter\u00edsticas espec\u00edficas a un producto por la resistencia al calor a la sensaci\u00f3n al tacto hasta que la ligereza.<\/p>\n<\/div><\/div><\/div><\/div><div id=\"element_23\" class=\"module-iconboxes style-2\"><div class=\"iconboxes-wrap\" ><span class=\"box\"><i  style=\"color:#ffffff;;width:40px;;height:40px;;background:#005a82;border-radius: 50%\"class=\"fa-wrench\">&nbsp;<\/i><\/span><div class=\"text-wrap\"><h4 class=\"box-heading\" >Personalizaci\u00f3n<\/h4><div class=\"iconboxes-text\">\n<p>La serigraf\u00eda o tampograf\u00eda pueden personalizar cualquier tipo y tama\u00f1o del producto terminado.<\/p>\n<\/div><\/div><\/div><\/div><\/div><\/div><\/div><\/div><\/div><\/div><div class=\"row-wrapper\"><div class=\"container\"><div id=\"element_24177681006479\" class=\"el_row column_equal_height row\"><div class=\"inner-row\"><div id=\"element_25\" class=\"el_column col-md-4\"><div class=\"inner-column\"><div id=\"element_26\" class=\"module-iconboxes style-2\"><div class=\"iconboxes-wrap\" ><span class=\"box\"><i class=\"fa-diamond\">&nbsp;<\/i><\/span><div class=\"text-wrap\"><h4 class=\"box-heading\" >Calidad<\/h4><div class=\"iconboxes-text\">\n<p>Il GRUPPO STAMPLAST ha obtenido la certificaci\u00f3n de Calidad seg\u00fan las normas <strong>ISO 9001:2015<\/strong> en el \u00e1mbito del \u201cComercio al por mayor de art\u00edculos de pl\u00e1stico y metal para la construcci\u00f3n, adem\u00e1s de los derechos de propiedad intelectual para la construcci\u00f3n e industria\u201d.<\/p>\n<\/div><\/div><\/div><\/div><\/div><\/div><div id=\"element_27\" class=\"el_column col-md-4\"><div class=\"inner-column\"><div id=\"element_28\" class=\"module-iconboxes style-2\"><div class=\"iconboxes-wrap\" ><span class=\"box\"><i class=\"fa-lightbulb-o\">&nbsp;<\/i><\/span><div class=\"text-wrap\"><h4 class=\"box-heading\" >Innovaci\u00f3n<\/h4><div class=\"iconboxes-text\">\n<p>Con probada experiencia y plurianuales realizzamo productos de alta calidad. Una gran capacidad de producci\u00f3n.<\/p>\n<\/div><\/div><\/div><\/div><\/div><\/div><div id=\"element_29\" class=\"el_column col-md-4\"><div class=\"inner-column\"><div id=\"element_30\" class=\"module-iconboxes style-2\"><div class=\"iconboxes-wrap\" ><span class=\"box\"><i class=\"fa-star-o\">&nbsp;<\/i><\/span><div class=\"text-wrap\"><h4 class=\"box-heading\" >Experiencia<\/h4><div class=\"iconboxes-text\">\n<p>Gracias al know-how adquirido en m\u00e1s de 22 a\u00f1os de experiencia, somos capaces de producir productos de alta calidad con una gran capacidad de producci\u00f3n.<\/p>\n<\/div><\/div><\/div><\/div><\/div><\/div><\/div><\/div><\/div><\/div>\n","protected":false},"excerpt":{"rendered":"","protected":false},"author":1,"featured_media":0,"parent":0,"menu_order":10,"comment_status":"closed","ping_status":"closed","template":"editor_page.php","meta":[],"acf":[],"_links":{"self":[{"href":"https:\/\/www.gruppostamplast.it\/es\/wp-json\/wp\/v2\/pages\/5968"}],"collection":[{"href":"https:\/\/www.gruppostamplast.it\/es\/wp-json\/wp\/v2\/pages"}],"about":[{"href":"https:\/\/www.gruppostamplast.it\/es\/wp-json\/wp\/v2\/types\/page"}],"author":[{"embeddable":true,"href":"https:\/\/www.gruppostamplast.it\/es\/wp-json\/wp\/v2\/users\/1"}],"replies":[{"embeddable":true,"href":"https:\/\/www.gruppostamplast.it\/es\/wp-json\/wp\/v2\/comments?post=5968"}],"version-history":[{"count":2,"href":"https:\/\/www.gruppostamplast.it\/es\/wp-json\/wp\/v2\/pages\/5968\/revisions"}],"predecessor-version":[{"id":9813,"href":"https:\/\/www.gruppostamplast.it\/es\/wp-json\/wp\/v2\/pages\/5968\/revisions\/9813"}],"wp:attachment":[{"href":"https:\/\/www.gruppostamplast.it\/es\/wp-json\/wp\/v2\/media?parent=5968"}],"curies":[{"name":"wp","href":"https:\/\/api.w.org\/{rel}","templated":true}]}}