{"id":6041,"date":"2017-12-13T11:18:14","date_gmt":"2017-12-13T10:18:14","guid":{"rendered":"http:\/\/www.gruppostamplast.it\/compania\/know-how-e-innovazione\/"},"modified":"2024-09-03T15:42:34","modified_gmt":"2024-09-03T13:42:34","slug":"know-how-e-innovazione","status":"publish","type":"page","link":"https:\/\/www.gruppostamplast.it\/es\/compania\/know-how-e-innovazione\/","title":{"rendered":"Know how e innovazione"},"content":{"rendered":"<div class=\"row-wrapper\"><div class=\"container\"><div id=\"element_1177752353979\" class=\"el_row column_equal_height row\"><div class=\"inner-row\"><div id=\"element_2\" class=\"el_column col-md-5\"><div class=\"inner-column\"><div id=\"element-3\" class=\"section-head left  size-custom\"><div><h2 style=\"color:#005a82;font-weight:800;font-size:48px\" class=\"section-main-title\">Guardiamo al futuro<\/h2><\/div><\/div><div id=\"element_4177752353978\" class=\"el_text\">\n<p>Gruppo Stamplast grazie ad un&#8217;esperienza consolidata e pluriennale, realizza prodotti di elevata qualit\u00e0, con una grande capacit\u00e0 produttiva. Realizza inoltra\u00a0 accessori in plastica, in rame, alluminio e nel settore dell&#8217;antinfortunistica.<br \/>\nGrazie al personale altamente specializzato del GRUPPO STAMPLAST, \u00e8 migliorata\u00a0anche la competenza complessiva dell&#8217;officina meccanica italiana.<\/p>\n<\/div><\/div><\/div><div id=\"element_5\" class=\"el_column col-md-7\"><div class=\"inner-column\"><div id=\"element_7\"  class=\"owl-carousel-container pagination-center\"><div class=\"owl-carousel\" id=\"carousel6\"><div class=\"owl-slide\"><div id=\"element_8\" class=\"el_image\"><div class=\"image-align-left\"><img  class=\"img-responsive \" src=\"https:\/\/www.gruppostamplast.it\/wp-content\/uploads\/2017\/12\/knowhow02.jpg\" alt=\"\"\/><\/div><\/div><\/div><div class=\"owl-slide\"><div id=\"element_9\" class=\"el_image\"><div class=\"image-align-left\"><img  class=\"img-responsive \" src=\"https:\/\/www.gruppostamplast.it\/wp-content\/uploads\/2017\/12\/knowhow04.jpg\" alt=\"\"\/><\/div><\/div><\/div><div class=\"owl-slide\"><div id=\"element_10\" class=\"el_image\"><div class=\"image-align-left\"><img  class=\"img-responsive \" src=\"https:\/\/www.gruppostamplast.it\/wp-content\/uploads\/2017\/12\/knowhow09.jpg\" alt=\"\"\/><\/div><\/div><\/div><div class=\"owl-slide\"><div id=\"element_11\" class=\"el_image\"><div class=\"image-align-left\"><img  class=\"img-responsive \" src=\"https:\/\/www.gruppostamplast.it\/wp-content\/uploads\/2017\/12\/knowhow11.jpg\" alt=\"\"\/><\/div><\/div><\/div><div class=\"owl-slide\"><div id=\"element_12\" class=\"el_image\"><div class=\"image-align-left\"><img  class=\"img-responsive \" src=\"https:\/\/www.gruppostamplast.it\/wp-content\/uploads\/2017\/12\/knowhow13.jpg\" alt=\"\"\/><\/div><\/div><\/div><div class=\"owl-slide\"><div id=\"element_13\" class=\"el_image\"><div class=\"image-align-left\"><img  class=\"img-responsive \" src=\"https:\/\/www.gruppostamplast.it\/wp-content\/uploads\/2017\/12\/knowhow20.jpg\" alt=\"\"\/><\/div><\/div><\/div><div class=\"owl-slide\"><div id=\"element_14\" class=\"el_image\"><div class=\"image-align-left\"><img  class=\"img-responsive \" src=\"https:\/\/www.gruppostamplast.it\/wp-content\/uploads\/2018\/01\/knowhow01.jpg\" alt=\"\"\/><\/div><\/div><\/div><div class=\"owl-slide\"><div id=\"element_15\" class=\"el_image\"><div class=\"image-align-left\"><img  class=\"img-responsive \" src=\"https:\/\/www.gruppostamplast.it\/wp-content\/uploads\/2018\/01\/knowhow03.jpg\" alt=\"\"\/><\/div><\/div><\/div><div class=\"owl-slide\"><div id=\"element_16\" class=\"el_image\"><div class=\"image-align-left\"><img  class=\"img-responsive \" src=\"https:\/\/www.gruppostamplast.it\/wp-content\/uploads\/2018\/01\/knowhow05.jpg\" alt=\"\"\/><\/div><\/div><\/div><div class=\"owl-slide\"><div id=\"element_17\" class=\"el_image\"><div class=\"image-align-left\"><img  class=\"img-responsive \" src=\"https:\/\/www.gruppostamplast.it\/wp-content\/uploads\/2018\/01\/knowhow06.jpg\" alt=\"\"\/><\/div><\/div><\/div><div class=\"owl-slide\"><div id=\"element_18\" class=\"el_image\"><div class=\"image-align-left\"><img  class=\"img-responsive \" src=\"https:\/\/www.gruppostamplast.it\/wp-content\/uploads\/2018\/01\/knowhow07.jpg\" alt=\"\"\/><\/div><\/div><\/div><div class=\"owl-slide\"><div id=\"element_19\" class=\"el_image\"><div class=\"image-align-left\"><img  class=\"img-responsive \" src=\"https:\/\/www.gruppostamplast.it\/wp-content\/uploads\/2018\/01\/knowhow08.jpg\" alt=\"\"\/><\/div><\/div><\/div><div class=\"owl-slide\"><div id=\"element_20\" class=\"el_image\"><div class=\"image-align-left\"><img  class=\"img-responsive \" src=\"https:\/\/www.gruppostamplast.it\/wp-content\/uploads\/2018\/01\/knowhow10.jpg\" alt=\"\"\/><\/div><\/div><\/div><div class=\"owl-slide\"><div id=\"element_21\" class=\"el_image\"><div class=\"image-align-left\"><img  class=\"img-responsive \" src=\"https:\/\/www.gruppostamplast.it\/wp-content\/uploads\/2018\/01\/knowhow12.jpg\" alt=\"\"\/><\/div><\/div><\/div><div class=\"owl-slide\"><div id=\"element_22\" class=\"el_image\"><div class=\"image-align-left\"><img  class=\"img-responsive \" src=\"https:\/\/www.gruppostamplast.it\/wp-content\/uploads\/2018\/01\/knowhow14.jpg\" alt=\"\"\/><\/div><\/div><\/div><div class=\"owl-slide\"><div id=\"element_23\" class=\"el_image\"><div class=\"image-align-left\"><img  class=\"img-responsive \" src=\"https:\/\/www.gruppostamplast.it\/wp-content\/uploads\/2018\/01\/knowhow15.jpg\" alt=\"\"\/><\/div><\/div><\/div><div class=\"owl-slide\"><div id=\"element_24\" class=\"el_image\"><div class=\"image-align-left\"><img  class=\"img-responsive \" src=\"https:\/\/www.gruppostamplast.it\/wp-content\/uploads\/2018\/01\/knowhow16.jpg\" alt=\"\"\/><\/div><\/div><\/div><div class=\"owl-slide\"><div id=\"element_25\" class=\"el_image\"><div class=\"image-align-left\"><img  class=\"img-responsive \" src=\"https:\/\/www.gruppostamplast.it\/wp-content\/uploads\/2018\/01\/knowhow17.jpg\" alt=\"\"\/><\/div><\/div><\/div><div class=\"owl-slide\"><div id=\"element_26\" class=\"el_image\"><div class=\"image-align-left\"><img  class=\"img-responsive \" src=\"https:\/\/www.gruppostamplast.it\/wp-content\/uploads\/2018\/01\/knowhow18.jpg\" alt=\"\"\/><\/div><\/div><\/div><div class=\"owl-slide\"><div id=\"element_27\" class=\"el_image\"><div class=\"image-align-left\"><img  class=\"img-responsive \" src=\"https:\/\/www.gruppostamplast.it\/wp-content\/uploads\/2018\/01\/knowhow19.jpg\" alt=\"\"\/><\/div><\/div><\/div><\/div><\/div><script type=\"text\/javascript\">\njQuery(document).ready(function($) {\n            'use strict';\n\n            var carousel6 = $(\"#carousel6\");\n            try{\n           carousel6.owlCarousel({\n                items       : 1, \n                itemsDesktop    : [1200,1], \n                itemsDesktopSmall : [1023,1], \n                itemsTablet : [768,1], \n                itemsMobile : [600,1], \n                pagination  : true,autoPlay:1800,\n                slideSpeed  : 800,paginationSpeed  : 800,rewindSpeed  : 800,});}\n            catch(err){}\n        });<\/script><\/div><\/div><\/div><\/div><\/div><\/div><div class=\"row-wrapper\"><div id=\"element_28177752353928\" class=\"el_row column_equal_height row\"><div class=\"inner-row\"><div class=\"container\"><div class=\"row\"><div id=\"element_29\" class=\"el_column col-md-6\"><div class=\"inner-column\"><div id=\"element-30\" class=\"section-head left font-same-body  size-custom\"><div><h2 style=\"font-weight:bold;font-size:16px\" class=\"section-main-title\">MIGLIORARE LE CARATTERISTICHE DI UN PRODOTTO GRAZIE AL KNOW-HOW DEL GRUPPO STAMPLAST<\/h2><\/div><\/div><div id=\"element_31177752353987\" class=\"el_text\">\n<p>Una nuova caratteristica di <strong>robustezza, resistenza, sensazione al tatto e un colore diverso possono dare nuova vitalit\u00e0 ad ogni prodotto<\/strong>, rinnovandone le potenzialit\u00e0 di marketing.<\/p>\n<p>Siamo in grado di suggerire i materiali pi\u00f9 adeguati a conferire nuove propriet\u00e0 ad un articolo in plastica gi\u00e0 esistente.<\/p>\n<\/div><\/div><\/div><div id=\"element_32\" class=\"el_column col-md-6\"><div class=\"inner-column\"><div id=\"element-33\" class=\"section-head left font-same-body  size-custom\"><div><h2 style=\"font-weight:bold;font-size:16px\" class=\"section-main-title\">DALL'IDEA AL PRODOTTI FINITO<\/h2><\/div><\/div><div id=\"element_34177752353940\" class=\"el_text\">\n<p>Volete realizzare un progetto?<br \/>\nAvete un&#8217;idea e cercate la migliore soluzione per realizzarla?<\/p>\n<p><strong>A chiunque abbia un&#8217;idea, un disegno, un prodotto da personalizzare o assemblare, Grupo Stamplast si offre come partner affidabile per poterlo realizzare.<\/strong><\/p>\n<p>Ognuna di queste fasi richiede conoscenza dei materiali, esperienza di produzione, coordinamento per ottenere un prodotto corrispondente all&#8217;idea del committente.<\/p>\n<p><strong>Abbiamo sviluppato questo know-how in settori di stampaggio ad alto contenuto tecnico.<\/strong><\/p>\n<p>Inoltre progetta e realizza prodotti in proprio collaborando con importanti aziende in Italia e all&#8217;estero.<\/p>\n<\/div><\/div><\/div><\/div><\/div><\/div><\/div><\/div><div class=\"row-wrapper\"><div class=\"container\"><div id=\"element_35177752353955\" class=\"el_row column_equal_height row\"><div class=\"inner-row\"><div id=\"element_36\" class=\"el_column col-md-4\"><div class=\"inner-column\"><div id=\"element_37\" class=\"module-iconboxes style-2\"><div class=\"iconboxes-wrap\" ><span class=\"box\"><i class=\"fa-diamond\">&nbsp;<\/i><\/span><div class=\"text-wrap\"><h4 class=\"box-heading\" >Qualit\u00e0<\/h4><div class=\"iconboxes-text\">\n<p>Gruppo Stamplast dispone della certificazione <strong>ISO 9001:2008<\/strong> nel campo di applicazione \u201cCommercializzazione all\u2019ingrosso di articoli in plastica e metallo per l\u2019edilizia e di DPI per il settore edile ed industriale&#8221;<\/p>\n<\/div><\/div><\/div><\/div><\/div><\/div><div id=\"element_38\" class=\"el_column col-md-4\"><div class=\"inner-column\"><div id=\"element_39\" class=\"module-iconboxes style-2\"><div class=\"iconboxes-wrap\" ><span class=\"box\"><i class=\"fa-lightbulb-o\">&nbsp;<\/i><\/span><div class=\"text-wrap\"><h4 class=\"box-heading\" >Innovazione<\/h4><div class=\"iconboxes-text\">\n<p>Esperienza consolidata e pluriennale, grande capacit\u00e0 produttiva, continua ricerca e innovazione.<\/p>\n<\/div><\/div><\/div><\/div><\/div><\/div><div id=\"element_40\" class=\"el_column col-md-4\"><div class=\"inner-column\"><div id=\"element_41\" class=\"module-iconboxes style-2\"><div class=\"iconboxes-wrap\" ><span class=\"box\"><i class=\"fa-star-o\">&nbsp;<\/i><\/span><div class=\"text-wrap\"><h4 class=\"box-heading\" >Esperienza<\/h4><div class=\"iconboxes-text\">\n<p>Grazie al Know-How acquisito in oltre 29 anni di esperienza, siamo in grado di realizzare prodotti di elevata qualit\u00e0.<\/p>\n<\/div><\/div><\/div><\/div><\/div><\/div><\/div><\/div><\/div><\/div><div class=\"row-wrapper\"><div id=\"element_42177752353990\" class=\"el_row content-align_center column_equal_height row\"><div class=\"inner-row\"><div class=\"container\"><div class=\"row\"><div id=\"element_43\" class=\"el_column col-md-9\"><div class=\"inner-column\"><div id=\"element_44177752353988\" class=\"el_text\">\n<p style=\"font-size: 28px;\"><strong>oltre 29 anni<\/strong> di esperienza e professionalit\u00e0<\/p>\n<\/div><\/div><\/div><div id=\"element_45\" class=\"el_column col-md-3\"><div class=\"inner-column\"><div id=\"element_46177752353971\" class=\"el-btn align-right\"><a href=\"\/stamplast\/contatti\" class=\"btn shape-default btn-lg btn-skin-custom-color\" target=\"_self\">Contattaci<\/a><\/div><\/div><\/div><\/div><\/div><\/div><\/div><\/div>\n","protected":false},"excerpt":{"rendered":"","protected":false},"author":1,"featured_media":0,"parent":5820,"menu_order":10,"comment_status":"closed","ping_status":"closed","template":"editor_page.php","meta":[],"acf":[],"_links":{"self":[{"href":"https:\/\/www.gruppostamplast.it\/es\/wp-json\/wp\/v2\/pages\/6041"}],"collection":[{"href":"https:\/\/www.gruppostamplast.it\/es\/wp-json\/wp\/v2\/pages"}],"about":[{"href":"https:\/\/www.gruppostamplast.it\/es\/wp-json\/wp\/v2\/types\/page"}],"author":[{"embeddable":true,"href":"https:\/\/www.gruppostamplast.it\/es\/wp-json\/wp\/v2\/users\/1"}],"replies":[{"embeddable":true,"href":"https:\/\/www.gruppostamplast.it\/es\/wp-json\/wp\/v2\/comments?post=6041"}],"version-history":[{"count":4,"href":"https:\/\/www.gruppostamplast.it\/es\/wp-json\/wp\/v2\/pages\/6041\/revisions"}],"predecessor-version":[{"id":17942,"href":"https:\/\/www.gruppostamplast.it\/es\/wp-json\/wp\/v2\/pages\/6041\/revisions\/17942"}],"up":[{"embeddable":true,"href":"https:\/\/www.gruppostamplast.it\/es\/wp-json\/wp\/v2\/pages\/5820"}],"wp:attachment":[{"href":"https:\/\/www.gruppostamplast.it\/es\/wp-json\/wp\/v2\/media?parent=6041"}],"curies":[{"name":"wp","href":"https:\/\/api.w.org\/{rel}","templated":true}]}}