{"id":6112,"date":"2017-07-18T12:58:09","date_gmt":"2017-07-18T10:58:09","guid":{"rendered":"http:\/\/www.gruppostamplast.it\/compania\/politica-qualita\/"},"modified":"2020-02-17T17:52:48","modified_gmt":"2020-02-17T16:52:48","slug":"calidad","status":"publish","type":"page","link":"https:\/\/www.gruppostamplast.it\/es\/compania\/calidad\/","title":{"rendered":"Calidad"},"content":{"rendered":"<div class=\"row-wrapper\"><div class=\"container\"><div id=\"element_1177752454361\" class=\"el_row column_equal_height row\"><div class=\"inner-row\"><div id=\"element_2\" class=\"el_column col-md-5\"><div class=\"inner-column\"><div id=\"element-3\" class=\"section-head left  size-custom\"><div><h2 style=\"color:#005a82;font-weight:800;font-size:48px\" class=\"section-main-title\">Pol\u00edtica de calidad<\/h2><\/div><\/div><div id=\"element_4\" class=\"el_image\"><div class=\"image-align-left\"><a href=\"\/download\/GRUPPO_STAMPLAST_SPA-ISO9001_REV.2.pdf\" target=\"_blank\"><img  class=\"img-responsive \" src=\"https:\/\/www.gruppostamplast.it\/wp-content\/uploads\/2017\/12\/certificatoqualita2.png\" alt=\"certificato qualita\"\/><\/a><\/div><\/div><\/div><\/div><div id=\"element_5\" class=\"el_column col-md-7\"><div class=\"inner-column\"><div id=\"element_6177752454331\" class=\"el_text\">\n<p>La Pol\u00edtica de Calidad es un concepto muy importante para una integraci\u00f3n profesional y moderna de la Calidad dentro del Grupo Stamplast.<\/p>\n<p>Nuestra Pol\u00edtica de Calidad realmente influye en las acciones de las personas. No es un documento simple almacenado en algunas carpetas.<\/p>\n<p>El Sistema de Calidad del Grupo Stamplast cumple con la norma <strong>UNI EN ISO 9001:2008<\/strong>.<\/p>\n<\/div><\/div><\/div><\/div><\/div><\/div><\/div><div class=\"row-wrapper\"><div id=\"element_7177752454389\" class=\"el_row content-align_center column_equal_height row\"><div class=\"inner-row\"><div class=\"container\"><div class=\"row\"><div id=\"element_8\" class=\"el_column col-md-9\"><div class=\"inner-column\"><div id=\"element_9177752454398\" class=\"el_text\">\n<p style=\"font-size: 28px;\">Pol\u00edtica de calidad: el documento<\/p>\n<\/div><\/div><\/div><div id=\"element_10\" class=\"el_column col-md-3\"><div class=\"inner-column\"><div id=\"element_11177752454378\" class=\"el-btn align-right\"><a href=\"\/download\/politica_per_la_qualita_GRUPPO_STAMPLAST.pdf\" class=\"btn shape-default btn-lg btn-skin-custom-color\" target=\"_self\">Download (PDF)<\/a><\/div><\/div><\/div><\/div><\/div><\/div><\/div><\/div><div class=\"row-wrapper\"><div class=\"container\"><div id=\"element_12177752454389\" class=\"el_row column_equal_height row\"><div class=\"inner-row\"><div id=\"element_13\" class=\"el_column col-md-4\"><div class=\"inner-column\"><div id=\"element_14\" class=\"module-iconboxes style-2\"><div class=\"iconboxes-wrap\" ><span class=\"box\"><i class=\"fa-diamond\">&nbsp;<\/i><\/span><div class=\"text-wrap\"><h4 class=\"box-heading\" >Calidad<\/h4><div class=\"iconboxes-text\">\n<p>Il GRUPPO STAMPLAST ha obtenido la certificaci\u00f3n de Calidad seg\u00fan las normas <strong>ISO 9001:2015<\/strong> en el \u00e1mbito del \u201cComercio al por mayor de art\u00edculos de pl\u00e1stico y metal para la construcci\u00f3n, adem\u00e1s de los derechos de propiedad intelectual para la construcci\u00f3n e industria\u201d.<\/p>\n<\/div><\/div><\/div><\/div><\/div><\/div><div id=\"element_15\" class=\"el_column col-md-4\"><div class=\"inner-column\"><div id=\"element_16\" class=\"module-iconboxes style-2\"><div class=\"iconboxes-wrap\" ><span class=\"box\"><i class=\"fa-lightbulb-o\">&nbsp;<\/i><\/span><div class=\"text-wrap\"><h4 class=\"box-heading\" >Innovaci\u00f3n<\/h4><div class=\"iconboxes-text\">\n<p>Con probada experiencia y plurianuales realizzamo productos de alta calidad. Una gran capacidad de producci\u00f3n.<\/p>\n<\/div><\/div><\/div><\/div><\/div><\/div><div id=\"element_17\" class=\"el_column col-md-4\"><div class=\"inner-column\"><div id=\"element_18\" class=\"module-iconboxes style-2\"><div class=\"iconboxes-wrap\" ><span class=\"box\"><i class=\"fa-star-o\">&nbsp;<\/i><\/span><div class=\"text-wrap\"><h4 class=\"box-heading\" >Experiencia<\/h4><div class=\"iconboxes-text\">\n<p>Gracias al know-how adquirido en m\u00e1s de 22 a\u00f1os de experiencia, somos capaces de producir productos de alta calidad con una gran capacidad de producci\u00f3n.<\/p>\n<\/div><\/div><\/div><\/div><\/div><\/div><\/div><\/div><\/div><\/div>\n","protected":false},"excerpt":{"rendered":"","protected":false},"author":1,"featured_media":0,"parent":5820,"menu_order":10,"comment_status":"closed","ping_status":"closed","template":"editor_page.php","meta":[],"acf":[],"_links":{"self":[{"href":"https:\/\/www.gruppostamplast.it\/es\/wp-json\/wp\/v2\/pages\/6112"}],"collection":[{"href":"https:\/\/www.gruppostamplast.it\/es\/wp-json\/wp\/v2\/pages"}],"about":[{"href":"https:\/\/www.gruppostamplast.it\/es\/wp-json\/wp\/v2\/types\/page"}],"author":[{"embeddable":true,"href":"https:\/\/www.gruppostamplast.it\/es\/wp-json\/wp\/v2\/users\/1"}],"replies":[{"embeddable":true,"href":"https:\/\/www.gruppostamplast.it\/es\/wp-json\/wp\/v2\/comments?post=6112"}],"version-history":[{"count":1,"href":"https:\/\/www.gruppostamplast.it\/es\/wp-json\/wp\/v2\/pages\/6112\/revisions"}],"predecessor-version":[{"id":9812,"href":"https:\/\/www.gruppostamplast.it\/es\/wp-json\/wp\/v2\/pages\/6112\/revisions\/9812"}],"up":[{"embeddable":true,"href":"https:\/\/www.gruppostamplast.it\/es\/wp-json\/wp\/v2\/pages\/5820"}],"wp:attachment":[{"href":"https:\/\/www.gruppostamplast.it\/es\/wp-json\/wp\/v2\/media?parent=6112"}],"curies":[{"name":"wp","href":"https:\/\/api.w.org\/{rel}","templated":true}]}}