{"id":6116,"date":"2017-05-24T04:41:09","date_gmt":"2017-05-24T04:41:09","guid":{"rendered":"http:\/\/www.gruppostamplast.it\/compania\/storia\/"},"modified":"2018-04-09T15:35:23","modified_gmt":"2018-04-09T13:35:23","slug":"historia","status":"publish","type":"page","link":"https:\/\/www.gruppostamplast.it\/es\/compania\/historia\/","title":{"rendered":"Historia"},"content":{"rendered":"<div class=\"row-wrapper\"><div class=\"container\"><div id=\"element_1177752358752\" class=\"el_row row\"><div class=\"inner-row\"><div id=\"element_2\" class=\"el_column col-md-12\"><div class=\"inner-column\"><div id=\"element_3\" class=\"soul-timeline\"><div class=\"year\"><h3>1995<\/h3><\/div> <div class=\"single-timeline-item leaf-position-right\">\n   <div class=\"month\">\n      <div class=\"box\"><div class=\"date\"><h5>GRUPPO STAMPLAST<\/h5><\/div><\/div>    \n   <\/div>\n   <div class=\"text-holder\"><h3>Nace el Grupo Stamplast<\/h3>\n<p>El GRUPPO STAMPLAST fue fundada en 1995 con una oficina en Francavilla Fontana establecerse inmediatamente en el sector de los componentes para la construcci\u00f3n.<\/p>\n<\/div><\/div><div class=\"year\"><h3>2003<\/h3><\/div> <div class=\"single-timeline-item leaf-position-right\">\n   <div class=\"month\">\n      <div class=\"box\"><div class=\"date\"><h5>TERNI POLIMERI<\/h5><\/div><\/div>    \n   <\/div>\n   <div class=\"text-holder\"><h3>Compound de pl\u00e1stico<\/h3>\n<p>Se ha iniciado la producci\u00f3n de un tipo considerable de compound en pl\u00e1sticos capaces de cumplir con altos est\u00e1ndares de calidad.<\/p>\n<\/div><\/div><div class=\"year\"><h3>2010<\/h3><\/div> <div class=\"single-timeline-item leaf-position-right\">\n   <div class=\"month\">\n      <div class=\"box\"><div class=\"date\"><h5>Edilmed<\/h5><\/div><\/div>    \n   <\/div>\n   <div class=\"text-holder\"><h3>Extrusi\u00f3n, cizallamiento y perfilado<\/h3>\n<p>Nace Edilmed a Copertino (LE), especializada en la extrusi\u00f3n de perfiles y el corte de metales.<\/p>\n<\/div><\/div><div class=\"year\"><h3>2017<\/h3><\/div> <div class=\"single-timeline-item leaf-position-right\">\n   <div class=\"month\">\n      <div class=\"box\"><div class=\"date\"><h5>SPA<\/h5><\/div><\/div>    \n   <\/div>\n   <div class=\"text-holder\"><h3>Societ\u00e0 per Azioni<\/h3>\n<p>Gruppo Stamplast se convierte en SpA. El grupo cuenta con 7 plantas en toda Italia.<\/p>\n<\/div><\/div><div class=\"year\"><h3>Hoy<\/h3><\/div> <div class=\"single-timeline-item leaf-position-right\">\n   <div class=\"month\">\n      <div class=\"box\"><div class=\"date\"><h5>RICERCA<\/h5><\/div><\/div>    \n   <\/div>\n   <div class=\"text-holder\"><h3>Nuevos productos<\/h3>\n<p>El cat\u00e1logo se ampl\u00eda cada d\u00eda con nuevos productos, ampliando las fronteras de la empresa.<\/p>\n<\/div><\/div><div class=\"single-timeline-item leaf-position-right\">\n   <div class=\"month\">\n      <div class=\"box\"><div class=\"date\"><h5>HACIA EL FUTURO<\/h5><\/div><\/div>    \n   <\/div>\n   <div class=\"text-holder\"><h3>Crecimiento continuo<\/h3>\n<p>Gruppo Stamplast mira hacia el futuro invirtiendo en nuevas tecnolog\u00edas para el desarrollo de productos que puedan satisfacer las necesidades del mercado.<\/p>\n<\/div><\/div><\/div><\/div><\/div><\/div><\/div><\/div><\/div><div class=\"row-wrapper\"><div id=\"element_4177752358718\" class=\"el_row content-align_center column_equal_height row\"><div class=\"inner-row\"><div class=\"container\"><div class=\"row\"><div id=\"element_5\" class=\"el_column col-md-9\"><div class=\"inner-column\"><div id=\"element_6177752358725\" class=\"el_text\">\n<p style=\"font-size: 28px;\"><strong>m\u00e1s de 22 a\u00f1os<\/strong> de experiencia y profesionalidad<\/p>\n<\/div><\/div><\/div><div id=\"element_7\" class=\"el_column col-md-3\"><div class=\"inner-column\"><div id=\"element_8177752358769\" class=\"el-btn align-right\"><a href=\"\/stamplast\/contatti\" class=\"btn shape-default btn-lg btn-skin-custom-color\" target=\"_self\">Cont\u00e1ctenos<\/a><\/div><\/div><\/div><\/div><\/div><\/div><\/div><\/div>\n","protected":false},"excerpt":{"rendered":"","protected":false},"author":1,"featured_media":0,"parent":5820,"menu_order":20,"comment_status":"closed","ping_status":"closed","template":"editor_page.php","meta":[],"acf":[],"_links":{"self":[{"href":"https:\/\/www.gruppostamplast.it\/es\/wp-json\/wp\/v2\/pages\/6116"}],"collection":[{"href":"https:\/\/www.gruppostamplast.it\/es\/wp-json\/wp\/v2\/pages"}],"about":[{"href":"https:\/\/www.gruppostamplast.it\/es\/wp-json\/wp\/v2\/types\/page"}],"author":[{"embeddable":true,"href":"https:\/\/www.gruppostamplast.it\/es\/wp-json\/wp\/v2\/users\/1"}],"replies":[{"embeddable":true,"href":"https:\/\/www.gruppostamplast.it\/es\/wp-json\/wp\/v2\/comments?post=6116"}],"version-history":[{"count":0,"href":"https:\/\/www.gruppostamplast.it\/es\/wp-json\/wp\/v2\/pages\/6116\/revisions"}],"up":[{"embeddable":true,"href":"https:\/\/www.gruppostamplast.it\/es\/wp-json\/wp\/v2\/pages\/5820"}],"wp:attachment":[{"href":"https:\/\/www.gruppostamplast.it\/es\/wp-json\/wp\/v2\/media?parent=6116"}],"curies":[{"name":"wp","href":"https:\/\/api.w.org\/{rel}","templated":true}]}}